{"id":257,"date":"2025-11-19T11:49:15","date_gmt":"2025-11-19T10:49:15","guid":{"rendered":"https:\/\/umesh.es\/?page_id=257"},"modified":"2026-03-26T11:23:36","modified_gmt":"2026-03-26T10:23:36","slug":"sobre-mi","status":"publish","type":"page","link":"https:\/\/umesh.es\/en\/sobre-mi\/","title":{"rendered":"About me"},"content":{"rendered":"<p>[et_pb_section fb_built=\u00bb1&#8243; _builder_version=\u00bb4.27.4&#8243; _module_preset=\u00bbdefault\u00bb background_color=\u00bb#f9b94a\u00bb height_tablet=\u00bb\u00bb height_phone=\u00bb\u00bb height_last_edited=\u00bbon|tablet\u00bb max_height=\u00bb1000px\u00bb custom_padding=\u00bb12px||12px||true|false\u00bb locked=\u00bboff\u00bb global_colors_info=\u00bb{}\u00bb][et_pb_row _builder_version=\u00bb4.27.4&#8243; _module_preset=\u00bbdefault\u00bb background_color=\u00bbRGBA(255,255,255,0)\u00bb width=\u00bb74%\u00bb max_width=\u00bb1428px\u00bb global_colors_info=\u00bb{}\u00bb][et_pb_column type=\u00bb4_4&#8243; _builder_version=\u00bb4.27.4&#8243; _module_preset=\u00bbdefault\u00bb global_colors_info=\u00bb{}\u00bb][et_pb_menu menu_id=\u00bb7&#8243; logo=\u00bbhttps:\/\/umesh.es\/wp-content\/uploads\/2025\/10\/Logo-amarillo.png\u00bb logo_url=\u00bbhttps:\/\/umesh.es\/\u00bb logo_width=\u00bb18%\u00bb menu_icon_color=\u00bb#FFFFFF\u00bb menu_icon_font_size=\u00bb35px\u00bb logo_width_tablet=\u00bb33%\u00bb logo_width_phone=\u00bb51%\u00bb logo_width_last_edited=\u00bbon|tablet\u00bb _builder_version=\u00bb4.27.4&#8243; _module_preset=\u00bbdefault\u00bb menu_font=\u00bbConvergence||||||||\u00bb menu_text_color=\u00bb#FFFFFF\u00bb menu_font_size=\u00bb22px\u00bb background_color=\u00bbRGBA(255,255,255,0)\u00bb text_orientation=\u00bbright\u00bb width=\u00bb100%\u00bb width_tablet=\u00bb100%\u00bb width_phone=\u00bb100%\u00bb width_last_edited=\u00bbon|tablet\u00bb module_alignment=\u00bbleft\u00bb child_filter_saturate=\u00bb0%\u00bb child_filter_brightness=\u00bb200%\u00bb menu_text_color_tablet=\u00bb#000000&#8243; menu_text_color_phone=\u00bb#000000&#8243; menu_text_color_last_edited=\u00bbon|tablet\u00bb border_radii_image=\u00bbon|10px|10px|10px|10px\u00bb border_width_all_image=\u00bb5px\u00bb border_color_all_image=\u00bb#FFFFFF\u00bb border_radii_image_last_edited=\u00bboff|phone\u00bb border_width_all_image_tablet=\u00bb4px\u00bb border_width_all_image_phone=\u00bb3px\u00bb border_width_all_image_last_edited=\u00bbon|desktop\u00bb global_colors_info=\u00bb{}\u00bb][\/et_pb_menu][\/et_pb_column][\/et_pb_row][\/et_pb_section][et_pb_section fb_built=\u00bb1&#8243; _builder_version=\u00bb4.27.4&#8243; _module_preset=\u00bbdefault\u00bb height=\u00bb1000px\u00bb height_tablet=\u00bbauto\u00bb height_phone=\u00bbauto\u00bb height_last_edited=\u00bbon|phone\u00bb custom_padding=\u00bb0px||0px||true|false\u00bb locked=\u00bboff\u00bb global_colors_info=\u00bb{}\u00bb][et_pb_row column_structure=\u00bb1_2,1_2&#8243; _builder_version=\u00bb4.27.4&#8243; _module_preset=\u00bbdefault\u00bb max_width=\u00bb1423px\u00bb custom_margin=\u00bb77px||77px||true|false\u00bb custom_padding=\u00bb||27px|||\u00bb global_colors_info=\u00bb{}\u00bb][et_pb_column type=\u00bb1_2&#8243; _builder_version=\u00bb4.27.4&#8243; _module_preset=\u00bbdefault\u00bb global_colors_info=\u00bb{}\u00bb][et_pb_image src=\u00bbhttps:\/\/umesh.es\/wp-content\/uploads\/2025\/11\/Foto-cv.png\u00bb title_text=\u00bbFoto cv\u00bb align=\u00bbcenter\u00bb _builder_version=\u00bb4.27.4&#8243; _module_preset=\u00bbdefault\u00bb width=\u00bb67%\u00bb global_colors_info=\u00bb{}\u00bb][\/et_pb_image][\/et_pb_column][et_pb_column type=\u00bb1_2&#8243; _builder_version=\u00bb4.27.4&#8243; _module_preset=\u00bbdefault\u00bb global_colors_info=\u00bb{}\u00bb][et_pb_text content_tablet=\u00bb<\/p>\n<h1>About me<\/h1>\n<p>\u00bb content_phone=\u00bb<\/p>\n<h1>About me<\/h1>\n<p>\u00bb content_last_edited=\u00bbon|phone\u00bb _builder_version=\u00bb4.27.4&#8243; _module_preset=\u00bbdefault\u00bb text_font=\u00bbConvergence||||||||\u00bb text_text_color=\u00bb#000000&#8243; text_font_size=\u00bb22px\u00bb header_font_size=\u00bb45px\u00bb text_orientation=\u00bbcenter\u00bb text_font_size_tablet=\u00bb22px\u00bb text_font_size_phone=\u00bb22px\u00bb text_font_size_last_edited=\u00bbon|desktop\u00bb header_font_size_tablet=\u00bb45px\u00bb header_font_size_phone=\u00bb31px\u00bb header_font_size_last_edited=\u00bbon|desktop\u00bb locked=\u00bboff\u00bb global_colors_info=\u00bb{}\u00bb]<\/p>\n<h1>About me<\/h1>\n<p>[\/et_pb_text][et_pb_text _builder_version=\u00bb4.27.4&#8243; _module_preset=\u00bbdefault\u00bb text_font=\u00bb||||||||\u00bb text_orientation=\u00bbjustified\u00bb hover_enabled=\u00bb0&#8243; global_colors_info=\u00bb{}\u00bb sticky_enabled=\u00bb0&#8243;]<\/p>\n<p style=\"text-align: justify;\">Hi, I\u2019m known as Umesh. I am a digital artist who primarily loves to draw\u2014both professionally and personally\u2014and I strive to improve myself every single day. I am deeply passionate about the world of concept art, as it is the stage where a production's vision begins to take shape through the exploration of ideas. Being a creative person, I love contributing my part, whether it\u2019s by creating a prop, a character, a creature, or an environment.<\/p>\n<p>I am also fond of 3D art because it allows you to take any idea, translate it into a three-dimensional space, and bring it to life through animation.<\/p>\n<p>Estudi\u00e9 Dise\u00f1o y Desarrollo de Videojuegos en la Universidad Rey Juan Carlos. All\u00ed descubr\u00ed que quer\u00eda dedicarme al mundo del arte digital para videojuegos u otro tipo de producciones. Por esa raz\u00f3n, despu\u00e9s de finalizar la carrer\u00e1 curs\u00e9 un doble m\u00e1ster en Arte Digital para Videojuegos (de la Universidad Complutense de Madrid) y Concept Art en Voxel School. All\u00ed particip\u00e9 en el desarrollo del juego <em>Lilith: Rise of the fallen<\/em> (publicado en <a href=\"https:\/\/store.steampowered.com\/app\/3587510\/Lilith_Rise_of_the_Fallen\/\">Steam<\/a>) como artista de concept y 3D.<\/p>\n<p>I am currently seeking opportunities to showcase my artistic skills and meet interesting people along the way. Imagine the possibilities.<\/p>\n<p>Contact: contacto@umesh.es <a href=\"mailto:contacto@umesh.es\" title=\"contacto@umesh.es\">contacto@umesh.es<\/a><\/p>\n<p><a href=\"https:\/\/umesh.es\/wp-content\/uploads\/2026\/03\/CV-Umesh-Mostajo-Saez-2.pdf\">CV completo<\/a><\/p>\n<p>&nbsp;<\/p>\n<p>[\/et_pb_text][\/et_pb_column][\/et_pb_row][\/et_pb_section]<\/p>","protected":false},"excerpt":{"rendered":"<p>Sobre m\u00edHola, me conocen como Umesh, soy un artista digital al que le gusta mayoritariamente dibujar, tanto a nivel profesional como personal, y superarse a s\u00ed mismo todos los d\u00edas. Me gusta mucho el mundo del concept art ya que es la fase donde el arte de cualquier producci\u00f3n empieza a tomar forma gracias a [&hellip;]<\/p>","protected":false},"author":1,"featured_media":0,"parent":0,"menu_order":0,"comment_status":"closed","ping_status":"closed","template":"","meta":{"_et_pb_use_builder":"on","_et_pb_old_content":"","_et_gb_content_width":"","footnotes":""},"class_list":["post-257","page","type-page","status-publish","hentry"],"_links":{"self":[{"href":"https:\/\/umesh.es\/en\/wp-json\/wp\/v2\/pages\/257","targetHints":{"allow":["GET"]}}],"collection":[{"href":"https:\/\/umesh.es\/en\/wp-json\/wp\/v2\/pages"}],"about":[{"href":"https:\/\/umesh.es\/en\/wp-json\/wp\/v2\/types\/page"}],"author":[{"embeddable":true,"href":"https:\/\/umesh.es\/en\/wp-json\/wp\/v2\/users\/1"}],"replies":[{"embeddable":true,"href":"https:\/\/umesh.es\/en\/wp-json\/wp\/v2\/comments?post=257"}],"version-history":[{"count":27,"href":"https:\/\/umesh.es\/en\/wp-json\/wp\/v2\/pages\/257\/revisions"}],"predecessor-version":[{"id":514,"href":"https:\/\/umesh.es\/en\/wp-json\/wp\/v2\/pages\/257\/revisions\/514"}],"wp:attachment":[{"href":"https:\/\/umesh.es\/en\/wp-json\/wp\/v2\/media?parent=257"}],"curies":[{"name":"wp","href":"https:\/\/api.w.org\/{rel}","templated":true}]}}